{"id":7535,"date":"2021-05-15T15:07:56","date_gmt":"2021-05-15T13:07:56","guid":{"rendered":"http:\/\/rejsifarma.al\/accu-chek\/?page_id=7535"},"modified":"2021-11-03T21:17:57","modified_gmt":"2021-11-03T20:17:57","slug":"reservation","status":"publish","type":"page","link":"https:\/\/rejsifarma.al\/accu-chek\/reservation\/","title":{"rendered":"Reservation"},"content":{"rendered":"<p>[vc_row full_width=&#8221;stretch_row&#8221; full_height=&#8221;yes&#8221; css=&#8221;.vc_custom_1620751799362{padding-top: 130px !important;padding-bottom: 490px !important;background: #f7f4fa url(http:\/\/rejsifarma.al\/accu-chek\/wp-content\/uploads\/2021\/05\/accu-chek-instant-hero.jpg?id=7437) !important;background-position: center !important;background-repeat: no-repeat !important;background-size: cover !important;}&#8221; el_id=&#8221;banner&#8221;][vc_column css_animation=&#8221;left-to-right&#8221; css=&#8221;.vc_custom_1622469212456{padding-top: 150px !important;padding-right: 50px !important;}&#8221; offset=&#8221;vc_col-lg-offset-0 vc_col-lg-6 vc_col-md-offset-0&#8243;][vc_column_text el_id=&#8221;main-banner-title&#8221;]<\/p>\n<h1>Rezerv\u00eb<\/h1>\n<p>[\/vc_column_text][vc_column_text el_id=&#8221;secondary-banner-title&#8221;]<\/p>\n<h3>Sistemi Accu-Chek Instant e b\u00ebn<br \/>\ntestimin t\u00eb leht\u00eb dhe kuptimin<br \/>\nt\u00eb rezultateve t\u00eb thjesht\u00eb.<\/h3>\n<p>[\/vc_column_text][\/vc_column][vc_column css=&#8221;.vc_custom_1541511477816{padding-top: 250px !important;}&#8221; offset=&#8221;vc_col-lg-offset-0 vc_col-lg-6 vc_col-md-offset-0 vc_hidden-md vc_hidden-sm vc_hidden-xs&#8221;][vc_empty_space height=&#8221;250&#8243;][\/vc_column][vc_column][\/vc_column][\/vc_row][vc_row][vc_column]<div role=\"form\" class=\"wpcf7\" id=\"wpcf7-f7564-o1\" lang=\"en-US\" dir=\"ltr\">\n<div class=\"screen-reader-response\"><p role=\"status\" aria-live=\"polite\" aria-atomic=\"true\"><\/p> <ul><\/ul><\/div>\n<form action=\"\/accu-chek\/wp-json\/wp\/v2\/pages\/7535#wpcf7-f7564-o1\" method=\"post\" class=\"wpcf7-form init\" novalidate=\"novalidate\" data-status=\"init\">\n<div style=\"display: none;\">\n<input type=\"hidden\" name=\"_wpcf7\" value=\"7564\" \/>\n<input type=\"hidden\" name=\"_wpcf7_version\" value=\"5.4.1\" \/>\n<input type=\"hidden\" name=\"_wpcf7_locale\" value=\"en_US\" \/>\n<input type=\"hidden\" name=\"_wpcf7_unit_tag\" value=\"wpcf7-f7564-o1\" \/>\n<input type=\"hidden\" name=\"_wpcf7_container_post\" value=\"0\" \/>\n<input type=\"hidden\" name=\"_wpcf7_posted_data_hash\" value=\"\" \/>\n<\/div>\n<div class=\"store-form-contact\">\n<h3>Rezervimi<\/h3>\n<p><label> Zgjidhni n\u00eb kalendar kur merrni recet\u00ebn tuaj p\u00ebr fisha duke klikuar n\u00eb ikon\u00eb (fusha e k\u00ebrkuar)<br \/>\n       <span class=\"wpcf7-form-control-wrap date-147\"><input type=\"date\" name=\"date-147\" value=\"Chose date\" class=\"wpcf7-form-control wpcf7-date wpcf7-validates-as-required wpcf7-validates-as-date\" aria-required=\"true\" aria-invalid=\"false\" \/><\/span><br \/>\n<\/label><\/p>\n<p><label> Ju lutemi shkruani emrin dhe mbiemrin tuaj (fusha e k\u00ebrkuar)<br \/>\n    <span class=\"wpcf7-form-control-wrap your-name\"><input type=\"text\" name=\"your-name\" value=\"\" size=\"40\" class=\"wpcf7-form-control wpcf7-text wpcf7-validates-as-required\" aria-required=\"true\" aria-invalid=\"false\" \/><\/span> <\/label><\/p>\n<p><label> Ju lutemi shkruani numrin e ID tuaj mjek\u00ebsore (fusha e k\u00ebrkuar)<br \/>\n   <span class=\"wpcf7-form-control-wrap lbo-broj\"><input type=\"text\" name=\"lbo-broj\" value=\"\" size=\"40\" class=\"wpcf7-form-control wpcf7-text wpcf7-validates-as-required\" aria-required=\"true\" aria-invalid=\"false\" \/><\/span><br \/>\n <\/label><\/p>\n<p><label> Ju lutemi shkruani emailin tuaj (fusha e k\u00ebrkuar)<br \/>\n<span class=\"wpcf7-form-control-wrap email-406\"><input type=\"email\" name=\"email-406\" value=\"\" size=\"40\" class=\"wpcf7-form-control wpcf7-text wpcf7-email wpcf7-validates-as-required wpcf7-validates-as-email\" aria-required=\"true\" aria-invalid=\"false\" \/><\/span><br \/>\n <\/label><\/p>\n<p><label> Farmacia e zgjedhur<br \/>\n<span class=\"wpcf7-form-control-wrap store_locator_form_store_select\"><select name=\"store_locator_form_store_select\" class=\"wpcf7-form-control wpcf7-select wpcf7-validates-as-required\" aria-required=\"true\" aria-invalid=\"false\"><option value=\"\">---<\/option><\/select><\/span> <\/label><\/p>\n<p><label> Ju lutemi shkruani numrin tuaj t\u00eb telefonit q\u00eb t\u00eb mund t'ju informojm\u00eb kur pajisja Accu-Chek \u00ebsht\u00eb n\u00eb Farmaci (fusha e k\u00ebrkuar)<br \/>\n    <span class=\"wpcf7-form-control-wrap tel-883\"><input type=\"tel\" name=\"tel-883\" value=\"\" size=\"40\" class=\"wpcf7-form-control wpcf7-text wpcf7-tel wpcf7-validates-as-required wpcf7-validates-as-tel\" aria-required=\"true\" aria-invalid=\"false\" \/><\/span><br \/>\n<\/label><\/p>\n<p><label> Ju lutemi shkruani numrin e fishave q\u00eb d\u00ebshironi t\u00eb porosisni (fusha e k\u00ebrkuar)<br \/>\n   <span class=\"wpcf7-form-control-wrap broj-traka\"><input type=\"text\" name=\"broj-traka\" value=\"\" size=\"40\" class=\"wpcf7-form-control wpcf7-text wpcf7-validates-as-required\" aria-required=\"true\" aria-invalid=\"false\" \/><\/span><br \/>\n <\/label><\/p>\n<p><input type=\"submit\" value=\"Porosit\" class=\"wpcf7-form-control wpcf7-submit\" \/><\/p>\n<\/div>\n<div class=\"store-form-details\">\n<h3>Farmacia e zgjedhur<\/h3>\n<h4 class=\"store_locator_store_info_name\"><\/h4>\n<p><span class=\"store_locator_store_info_address\"><\/span><br \/>\n<span class=\"store_locator_store_info_city\"><\/span>, <span class=\"store_locator_store_info_region\"><\/span> <span class=\"store_locator_store_info_zip\"><\/span><\/p>\n<\/div>\n<p><!-- Hidden fields - needed for sending !--><br \/>\n<span class=\"wpcf7-form-control-wrap store_locator_form_store_name\"><input type=\"text\" name=\"store_locator_form_store_name\" value=\"\" size=\"40\" class=\"wpcf7-form-control wpcf7-text hidden\" aria-invalid=\"false\" \/><\/span><br \/>\n<span class=\"wpcf7-form-control-wrap store_locator_form_store_address\"><input type=\"text\" name=\"store_locator_form_store_address\" value=\"\" size=\"40\" class=\"wpcf7-form-control wpcf7-text hidden\" aria-invalid=\"false\" \/><\/span><br \/>\n<span class=\"wpcf7-form-control-wrap store_locator_form_store_zip\"><input type=\"text\" name=\"store_locator_form_store_zip\" value=\"\" size=\"40\" class=\"wpcf7-form-control wpcf7-text hidden\" aria-invalid=\"false\" \/><\/span><br \/>\n<span class=\"wpcf7-form-control-wrap store_locator_form_store_city\"><input type=\"text\" name=\"store_locator_form_store_city\" value=\"\" size=\"40\" class=\"wpcf7-form-control wpcf7-text hidden\" aria-invalid=\"false\" \/><\/span><br \/>\n<span class=\"wpcf7-form-control-wrap store_locator_form_store_country\"><input type=\"text\" name=\"store_locator_form_store_country\" value=\"\" size=\"40\" class=\"wpcf7-form-control wpcf7-text hidden\" aria-invalid=\"false\" \/><\/span><br \/>\n<span class=\"wpcf7-form-control-wrap store_locator_form_store_region\"><input type=\"text\" name=\"store_locator_form_store_region\" value=\"\" size=\"40\" class=\"wpcf7-form-control wpcf7-text hidden\" aria-invalid=\"false\" \/><\/span><br \/>\n<span class=\"wpcf7-form-control-wrap store_locator_form_store_telephone\"><input type=\"text\" name=\"store_locator_form_store_telephone\" value=\"\" size=\"40\" class=\"wpcf7-form-control wpcf7-text hidden\" aria-invalid=\"false\" \/><\/span><br \/>\n<span class=\"wpcf7-form-control-wrap store_locator_form_store_mobile\"><input type=\"text\" name=\"store_locator_form_store_mobile\" value=\"\" size=\"40\" class=\"wpcf7-form-control wpcf7-text hidden\" aria-invalid=\"false\" \/><\/span><br \/>\n<span class=\"wpcf7-form-control-wrap store_locator_form_store_fax\"><input type=\"text\" name=\"store_locator_form_store_fax\" value=\"\" size=\"40\" class=\"wpcf7-form-control wpcf7-text hidden\" aria-invalid=\"false\" \/><\/span><br \/>\n<span class=\"wpcf7-form-control-wrap store_locator_form_store_email\"><input type=\"text\" name=\"store_locator_form_store_email\" value=\"\" size=\"40\" class=\"wpcf7-form-control wpcf7-text hidden\" aria-invalid=\"false\" \/><\/span><br \/>\n<span class=\"wpcf7-form-control-wrap store_locator_form_store_website\"><input type=\"text\" name=\"store_locator_form_store_website\" value=\"\" size=\"40\" class=\"wpcf7-form-control wpcf7-text hidden\" aria-invalid=\"false\" \/><\/span><\/p>\n<div class=\"wpcf7-response-output\" aria-hidden=\"true\"><\/div><\/form><\/div>[\/vc_column][\/vc_row]<\/p>\n","protected":false},"excerpt":{"rendered":"<p>[vc_row full_width=&#8221;stretch_row&#8221; full_height=&#8221;yes&#8221; css=&#8221;.vc_custom_1620751799362{padding-top: 130px !important;padding-bottom: 490px !important;background: #f7f4fa url(http:\/\/rejsifarma.al\/accu-chek\/wp-content\/uploads\/2021\/05\/accu-chek-instant-hero.jpg?id=7437) !important;background-position: center !important;background-repeat: no-repeat !important;background-size: cover !important;}&#8221; el_id=&#8221;banner&#8221;][vc_column css_animation=&#8221;left-to-right&#8221; css=&#8221;.vc_custom_1622469212456{padding-top: [&hellip;]<\/p>\n","protected":false},"author":1,"featured_media":0,"parent":0,"menu_order":0,"comment_status":"closed","ping_status":"closed","template":"","meta":{"_mi_skip_tracking":false,"footnotes":""},"class_list":["post-7535","page","type-page","status-publish","hentry"],"yoast_head":"<!-- This site is optimized with the Yoast SEO plugin v17.5 - https:\/\/yoast.com\/wordpress\/plugins\/seo\/ -->\n<title>Accu-Chek \u00ae Instant Rezerv\u00eb Nj\u00eb zgjedhje e zgjuar p\u00ebr kontrollin e diabetit<\/title>\n<meta name=\"description\" content=\"Aparati Accu-Chek\u00ae Instant p\u00ebrve\u00e7 sakt\u00ebsis\u00eb s\u00eb p\u00ebrmir\u00ebsuar dhe matjes s\u00eb shpejt\u00eb t\u00eb niveleve t\u00eb sheqerit n\u00eb gjak, e b\u00ebn kontrollin e diabetit m\u00eb t\u00eb leht\u00eb dhe m\u00eb t\u00eb suksessh\u00ebm.\" \/>\n<meta name=\"robots\" content=\"index, follow, max-snippet:-1, max-image-preview:large, max-video-preview:-1\" \/>\n<link rel=\"canonical\" href=\"https:\/\/rejsifarma.al\/accu-chek\/reservation\/\" \/>\n<meta property=\"og:locale\" content=\"en_US\" \/>\n<meta property=\"og:type\" content=\"article\" \/>\n<meta property=\"og:title\" content=\"Accu-Chek \u00ae Instant Rezerv\u00eb Nj\u00eb zgjedhje e zgjuar p\u00ebr kontrollin e diabetit\" \/>\n<meta property=\"og:description\" content=\"Aparati Accu-Chek\u00ae Instant p\u00ebrve\u00e7 sakt\u00ebsis\u00eb s\u00eb p\u00ebrmir\u00ebsuar dhe matjes s\u00eb shpejt\u00eb t\u00eb niveleve t\u00eb sheqerit n\u00eb gjak, e b\u00ebn kontrollin e diabetit m\u00eb t\u00eb leht\u00eb dhe m\u00eb t\u00eb suksessh\u00ebm.\" \/>\n<meta property=\"og:url\" content=\"https:\/\/rejsifarma.al\/accu-chek\/reservation\/\" \/>\n<meta property=\"og:site_name\" content=\"Accu-Chek Instant\" \/>\n<meta property=\"article:modified_time\" content=\"2021-11-03T20:17:57+00:00\" \/>\n<meta name=\"twitter:card\" content=\"summary_large_image\" \/>\n<meta name=\"twitter:label1\" content=\"Est. reading time\" \/>\n\t<meta name=\"twitter:data1\" content=\"1 minute\" \/>\n<script type=\"application\/ld+json\" class=\"yoast-schema-graph\">{\"@context\":\"https:\/\/schema.org\",\"@graph\":[{\"@type\":\"WebSite\",\"@id\":\"https:\/\/rejsifarma.al\/accu-chek\/#website\",\"url\":\"https:\/\/rejsifarma.al\/accu-chek\/\",\"name\":\"Accu-Chek Instant\",\"description\":\"\",\"potentialAction\":[{\"@type\":\"SearchAction\",\"target\":{\"@type\":\"EntryPoint\",\"urlTemplate\":\"https:\/\/rejsifarma.al\/accu-chek\/?s={search_term_string}\"},\"query-input\":\"required name=search_term_string\"}],\"inLanguage\":\"en-US\"},{\"@type\":\"WebPage\",\"@id\":\"https:\/\/rejsifarma.al\/accu-chek\/reservation\/#webpage\",\"url\":\"https:\/\/rejsifarma.al\/accu-chek\/reservation\/\",\"name\":\"Accu-Chek \\u00ae Instant Rezerv\\u00eb Nj\\u00eb zgjedhje e zgjuar p\\u00ebr kontrollin e diabetit\",\"isPartOf\":{\"@id\":\"https:\/\/rejsifarma.al\/accu-chek\/#website\"},\"datePublished\":\"2021-05-15T13:07:56+00:00\",\"dateModified\":\"2021-11-03T20:17:57+00:00\",\"description\":\"Aparati Accu-Chek\\u00ae Instant p\\u00ebrve\\u00e7 sakt\\u00ebsis\\u00eb s\\u00eb p\\u00ebrmir\\u00ebsuar dhe matjes s\\u00eb shpejt\\u00eb t\\u00eb niveleve t\\u00eb sheqerit n\\u00eb gjak, e b\\u00ebn kontrollin e diabetit m\\u00eb t\\u00eb leht\\u00eb dhe m\\u00eb t\\u00eb suksessh\\u00ebm.\",\"breadcrumb\":{\"@id\":\"https:\/\/rejsifarma.al\/accu-chek\/reservation\/#breadcrumb\"},\"inLanguage\":\"en-US\",\"potentialAction\":[{\"@type\":\"ReadAction\",\"target\":[\"https:\/\/rejsifarma.al\/accu-chek\/reservation\/\"]}]},{\"@type\":\"BreadcrumbList\",\"@id\":\"https:\/\/rejsifarma.al\/accu-chek\/reservation\/#breadcrumb\",\"itemListElement\":[{\"@type\":\"ListItem\",\"position\":1,\"name\":\"Home\",\"item\":\"https:\/\/rejsifarma.al\/accu-chek\/\"},{\"@type\":\"ListItem\",\"position\":2,\"name\":\"Reservation\"}]}]}<\/script>\n<!-- \/ Yoast SEO plugin. -->","yoast_head_json":{"title":"Accu-Chek \u00ae Instant Rezerv\u00eb Nj\u00eb zgjedhje e zgjuar p\u00ebr kontrollin e diabetit","description":"Aparati Accu-Chek\u00ae Instant p\u00ebrve\u00e7 sakt\u00ebsis\u00eb s\u00eb p\u00ebrmir\u00ebsuar dhe matjes s\u00eb shpejt\u00eb t\u00eb niveleve t\u00eb sheqerit n\u00eb gjak, e b\u00ebn kontrollin e diabetit m\u00eb t\u00eb leht\u00eb dhe m\u00eb t\u00eb suksessh\u00ebm.","robots":{"index":"index","follow":"follow","max-snippet":"max-snippet:-1","max-image-preview":"max-image-preview:large","max-video-preview":"max-video-preview:-1"},"canonical":"https:\/\/rejsifarma.al\/accu-chek\/reservation\/","og_locale":"en_US","og_type":"article","og_title":"Accu-Chek \u00ae Instant Rezerv\u00eb Nj\u00eb zgjedhje e zgjuar p\u00ebr kontrollin e diabetit","og_description":"Aparati Accu-Chek\u00ae Instant p\u00ebrve\u00e7 sakt\u00ebsis\u00eb s\u00eb p\u00ebrmir\u00ebsuar dhe matjes s\u00eb shpejt\u00eb t\u00eb niveleve t\u00eb sheqerit n\u00eb gjak, e b\u00ebn kontrollin e diabetit m\u00eb t\u00eb leht\u00eb dhe m\u00eb t\u00eb suksessh\u00ebm.","og_url":"https:\/\/rejsifarma.al\/accu-chek\/reservation\/","og_site_name":"Accu-Chek Instant","article_modified_time":"2021-11-03T20:17:57+00:00","twitter_card":"summary_large_image","twitter_misc":{"Est. reading time":"1 minute"},"schema":{"@context":"https:\/\/schema.org","@graph":[{"@type":"WebSite","@id":"https:\/\/rejsifarma.al\/accu-chek\/#website","url":"https:\/\/rejsifarma.al\/accu-chek\/","name":"Accu-Chek Instant","description":"","potentialAction":[{"@type":"SearchAction","target":{"@type":"EntryPoint","urlTemplate":"https:\/\/rejsifarma.al\/accu-chek\/?s={search_term_string}"},"query-input":"required name=search_term_string"}],"inLanguage":"en-US"},{"@type":"WebPage","@id":"https:\/\/rejsifarma.al\/accu-chek\/reservation\/#webpage","url":"https:\/\/rejsifarma.al\/accu-chek\/reservation\/","name":"Accu-Chek \u00ae Instant Rezerv\u00eb Nj\u00eb zgjedhje e zgjuar p\u00ebr kontrollin e diabetit","isPartOf":{"@id":"https:\/\/rejsifarma.al\/accu-chek\/#website"},"datePublished":"2021-05-15T13:07:56+00:00","dateModified":"2021-11-03T20:17:57+00:00","description":"Aparati Accu-Chek\u00ae Instant p\u00ebrve\u00e7 sakt\u00ebsis\u00eb s\u00eb p\u00ebrmir\u00ebsuar dhe matjes s\u00eb shpejt\u00eb t\u00eb niveleve t\u00eb sheqerit n\u00eb gjak, e b\u00ebn kontrollin e diabetit m\u00eb t\u00eb leht\u00eb dhe m\u00eb t\u00eb suksessh\u00ebm.","breadcrumb":{"@id":"https:\/\/rejsifarma.al\/accu-chek\/reservation\/#breadcrumb"},"inLanguage":"en-US","potentialAction":[{"@type":"ReadAction","target":["https:\/\/rejsifarma.al\/accu-chek\/reservation\/"]}]},{"@type":"BreadcrumbList","@id":"https:\/\/rejsifarma.al\/accu-chek\/reservation\/#breadcrumb","itemListElement":[{"@type":"ListItem","position":1,"name":"Home","item":"https:\/\/rejsifarma.al\/accu-chek\/"},{"@type":"ListItem","position":2,"name":"Reservation"}]}]}},"_links":{"self":[{"href":"https:\/\/rejsifarma.al\/accu-chek\/wp-json\/wp\/v2\/pages\/7535","targetHints":{"allow":["GET"]}}],"collection":[{"href":"https:\/\/rejsifarma.al\/accu-chek\/wp-json\/wp\/v2\/pages"}],"about":[{"href":"https:\/\/rejsifarma.al\/accu-chek\/wp-json\/wp\/v2\/types\/page"}],"author":[{"embeddable":true,"href":"https:\/\/rejsifarma.al\/accu-chek\/wp-json\/wp\/v2\/users\/1"}],"replies":[{"embeddable":true,"href":"https:\/\/rejsifarma.al\/accu-chek\/wp-json\/wp\/v2\/comments?post=7535"}],"version-history":[{"count":7,"href":"https:\/\/rejsifarma.al\/accu-chek\/wp-json\/wp\/v2\/pages\/7535\/revisions"}],"predecessor-version":[{"id":8775,"href":"https:\/\/rejsifarma.al\/accu-chek\/wp-json\/wp\/v2\/pages\/7535\/revisions\/8775"}],"wp:attachment":[{"href":"https:\/\/rejsifarma.al\/accu-chek\/wp-json\/wp\/v2\/media?parent=7535"}],"curies":[{"name":"wp","href":"https:\/\/api.w.org\/{rel}","templated":true}]}}